{"id":14153,"date":"2016-09-11T12:59:25","date_gmt":"2016-09-11T10:59:25","guid":{"rendered":"https:\/\/bootuitjes.nl\/seite-nicht-gefunden\/"},"modified":"2024-09-18T14:33:04","modified_gmt":"2024-09-18T12:33:04","slug":"seite-nicht-gefunden","status":"publish","type":"page","link":"https:\/\/bootuitjes.nl\/de\/seite-nicht-gefunden\/","title":{"rendered":"error 404"},"content":{"rendered":"<style>.kb-row-layout-id705_81c685-57 > .kt-row-column-wrap{align-content:start;}:where(.kb-row-layout-id705_81c685-57 > .kt-row-column-wrap) > .wp-block-kadence-column{justify-content:start;}.kb-row-layout-id705_81c685-57 > .kt-row-column-wrap{column-gap:var(--global-kb-gap-md, 2rem);row-gap:var(--global-kb-gap-md, 2rem);padding-top:25px;padding-bottom:0px;grid-template-columns:minmax(0, 1fr);}.kb-row-layout-id705_81c685-57 > .kt-row-layout-overlay{opacity:0.30;}@media all and (max-width: 1024px){.kb-row-layout-id705_81c685-57 > .kt-row-column-wrap{grid-template-columns:minmax(0, 1fr);}}@media all and (max-width: 767px){.kb-row-layout-id705_81c685-57 > .kt-row-column-wrap{grid-template-columns:minmax(0, 1fr);}}<\/style><div class=\"kb-row-layout-wrap kb-row-layout-id705_81c685-57 alignnone wp-block-kadence-rowlayout\"><div class=\"kt-row-column-wrap kt-has-1-columns kt-row-layout-equal kt-tab-layout-inherit kt-mobile-layout-row kt-row-valign-top\">\n<style>.kadence-column705_c2089c-13 > .kt-inside-inner-col,.kadence-column705_c2089c-13 > .kt-inside-inner-col:before{border-top-left-radius:0px;border-top-right-radius:0px;border-bottom-right-radius:0px;border-bottom-left-radius:0px;}.kadence-column705_c2089c-13 > .kt-inside-inner-col{column-gap:var(--global-kb-gap-sm, 1rem);}.kadence-column705_c2089c-13 > .kt-inside-inner-col{flex-direction:column;}.kadence-column705_c2089c-13 > .kt-inside-inner-col > .aligncenter{width:100%;}.kadence-column705_c2089c-13 > .kt-inside-inner-col:before{opacity:0.3;}.kadence-column705_c2089c-13{position:relative;}@media all and (max-width: 1024px){.kadence-column705_c2089c-13 > .kt-inside-inner-col{flex-direction:column;justify-content:center;}}@media all and (max-width: 767px){.kadence-column705_c2089c-13 > .kt-inside-inner-col{flex-direction:column;justify-content:center;}}<\/style>\n<div class=\"wp-block-kadence-column kadence-column705_c2089c-13 inner-column-1\"><div class=\"kt-inside-inner-col\"><div class=\"wp-block-image\">\n<figure class=\"aligncenter size-full\"><img loading=\"lazy\" decoding=\"async\" width=\"500\" height=\"243\" src=\"https:\/\/bootuitjes.nl\/wp-content\/uploads\/2016\/09\/404-pagina-foto.jpg\" alt=\"404 error Bild\" class=\"wp-image-709\" title=\"\" srcset=\"https:\/\/bootuitjes.nl\/wp-content\/uploads\/2016\/09\/404-pagina-foto.jpg 500w, https:\/\/bootuitjes.nl\/wp-content\/uploads\/2016\/09\/404-pagina-foto-300x146.jpg 300w, https:\/\/bootuitjes.nl\/wp-content\/uploads\/2016\/09\/404-pagina-foto-100x49.jpg 100w\" sizes=\"auto, (max-width: 500px) 100vw, 500px\" \/><\/figure>\n<\/div>\n\n<style>.kb-row-layout-id705_c9d140-12 > .kt-row-column-wrap{align-content:start;}:where(.kb-row-layout-id705_c9d140-12 > .kt-row-column-wrap) > .wp-block-kadence-column{justify-content:start;}.kb-row-layout-id705_c9d140-12 > .kt-row-column-wrap{column-gap:var(--global-kb-gap-md, 2rem);row-gap:var(--global-kb-gap-md, 2rem);padding-top:0px;padding-bottom:25px;grid-template-columns:minmax(0, 1fr);}.kb-row-layout-id705_c9d140-12 > .kt-row-layout-overlay{opacity:0.30;}@media all and (max-width: 1024px){.kb-row-layout-id705_c9d140-12 > .kt-row-column-wrap{grid-template-columns:minmax(0, 1fr);}}@media all and (max-width: 767px){.kb-row-layout-id705_c9d140-12 > .kt-row-column-wrap{grid-template-columns:minmax(0, 1fr);}}<\/style><div class=\"kb-row-layout-wrap kb-row-layout-id705_c9d140-12 alignnone wp-block-kadence-rowlayout\"><div class=\"kt-row-column-wrap kt-has-1-columns kt-row-layout-equal kt-tab-layout-inherit kt-mobile-layout-row kt-row-valign-top\">\n<style>.kadence-column705_6aa6d2-22 > .kt-inside-inner-col,.kadence-column705_6aa6d2-22 > .kt-inside-inner-col:before{border-top-left-radius:0px;border-top-right-radius:0px;border-bottom-right-radius:0px;border-bottom-left-radius:0px;}.kadence-column705_6aa6d2-22 > .kt-inside-inner-col{column-gap:var(--global-kb-gap-sm, 1rem);}.kadence-column705_6aa6d2-22 > .kt-inside-inner-col{flex-direction:column;}.kadence-column705_6aa6d2-22 > .kt-inside-inner-col > .aligncenter{width:100%;}.kadence-column705_6aa6d2-22 > .kt-inside-inner-col:before{opacity:0.3;}.kadence-column705_6aa6d2-22{position:relative;}@media all and (max-width: 1024px){.kadence-column705_6aa6d2-22 > .kt-inside-inner-col{flex-direction:column;justify-content:center;}}@media all and (max-width: 767px){.kadence-column705_6aa6d2-22 > .kt-inside-inner-col{flex-direction:column;justify-content:center;}}<\/style>\n<div class=\"wp-block-kadence-column kadence-column705_6aa6d2-22 inner-column-1\"><div class=\"kt-inside-inner-col\"><style>.wp-block-kadence-advancedheading.kt-adv-heading705_3cd37f-30, .wp-block-kadence-advancedheading.kt-adv-heading705_3cd37f-30[data-kb-block=\"kb-adv-heading705_3cd37f-30\"]{text-align:center;font-style:normal;}.wp-block-kadence-advancedheading.kt-adv-heading705_3cd37f-30 mark.kt-highlight, .wp-block-kadence-advancedheading.kt-adv-heading705_3cd37f-30[data-kb-block=\"kb-adv-heading705_3cd37f-30\"] mark.kt-highlight{font-style:normal;color:#f76a0c;-webkit-box-decoration-break:clone;box-decoration-break:clone;padding-top:0px;padding-right:0px;padding-bottom:0px;padding-left:0px;}.wp-block-kadence-advancedheading.kt-adv-heading705_3cd37f-30 img.kb-inline-image, .wp-block-kadence-advancedheading.kt-adv-heading705_3cd37f-30[data-kb-block=\"kb-adv-heading705_3cd37f-30\"] img.kb-inline-image{width:150px;vertical-align:baseline;}<\/style>\n<h2 class=\"kt-adv-heading705_3cd37f-30 wp-block-kadence-advancedheading\" data-kb-block=\"kb-adv-heading705_3cd37f-30\">Ups! Diese Seite existiert nicht (mehr). <\/h2>\n\n\n\n<p class=\"has-text-align-center\">Zum Gl\u00fcck haben wir einige tolle Ausfl\u00fcge f\u00fcr dich bereit, von denen bestimmt etwas Passendes f\u00fcr dich dabei ist. Klicke einfach auf den Link unten und finde den Ausflug, der zu dir passt. <\/p>\n<\/div><\/div>\n\n<\/div><\/div><\/div><\/div>\n\n<\/div><\/div><style>.kb-row-layout-id705_7f5f74-01 > .kt-row-column-wrap{align-content:start;}:where(.kb-row-layout-id705_7f5f74-01 > .kt-row-column-wrap) > .wp-block-kadence-column{justify-content:start;}.kb-row-layout-id705_7f5f74-01 > .kt-row-column-wrap{column-gap:var(--global-kb-gap-md, 2rem);row-gap:var(--global-kb-gap-md, 2rem);padding-top:var(--global-kb-spacing-sm, 1.5rem);padding-bottom:var(--global-kb-spacing-sm, 1.5rem);grid-template-columns:minmax(0, 1fr);}.kb-row-layout-id705_7f5f74-01 > .kt-row-layout-overlay{opacity:0.30;}@media all and (max-width: 1024px){.kb-row-layout-id705_7f5f74-01 > .kt-row-column-wrap{grid-template-columns:minmax(0, 1fr);}}@media all and (max-width: 767px){.kb-row-layout-id705_7f5f74-01 > .kt-row-column-wrap{grid-template-columns:minmax(0, 1fr);}}<\/style><div class=\"kb-row-layout-wrap kb-row-layout-id705_7f5f74-01 alignnone wp-block-kadence-rowlayout\"><div class=\"kt-row-column-wrap kt-has-1-columns kt-row-layout-equal kt-tab-layout-inherit kt-mobile-layout-row kt-row-valign-top\">\n<style>.kadence-column705_dda6be-5e > .kt-inside-inner-col,.kadence-column705_dda6be-5e > .kt-inside-inner-col:before{border-top-left-radius:0px;border-top-right-radius:0px;border-bottom-right-radius:0px;border-bottom-left-radius:0px;}.kadence-column705_dda6be-5e > .kt-inside-inner-col{column-gap:var(--global-kb-gap-sm, 1rem);}.kadence-column705_dda6be-5e > .kt-inside-inner-col{flex-direction:column;}.kadence-column705_dda6be-5e > .kt-inside-inner-col > .aligncenter{width:100%;}.kadence-column705_dda6be-5e > .kt-inside-inner-col:before{opacity:0.3;}.kadence-column705_dda6be-5e{position:relative;}@media all and (max-width: 1024px){.kadence-column705_dda6be-5e > .kt-inside-inner-col{flex-direction:column;justify-content:center;}}@media all and (max-width: 767px){.kadence-column705_dda6be-5e > .kt-inside-inner-col{flex-direction:column;justify-content:center;}}<\/style>\n<div class=\"wp-block-kadence-column kadence-column705_dda6be-5e inner-column-1\"><div class=\"kt-inside-inner-col\"><style>.wp-block-kadence-advancedbtn.kb-btns705_451fa1-77{gap:var(--global-kb-gap-xs, 0.5rem );justify-content:center;align-items:center;}.kt-btns705_451fa1-77 .kt-button{font-weight:normal;font-style:normal;}<\/style>\n<div class=\"wp-block-kadence-advancedbtn kb-buttons-wrap kb-btns705_451fa1-77\"><style>ul.menu .wp-block-kadence-advancedbtn .kb-btn705_3ca011-48.kb-button{width:initial;}.wp-block-kadence-advancedbtn .kb-btn705_3ca011-48.kb-button{color:#ffffff;background:#04728a;font-size:35px;letter-spacing:0px;font-weight:400;text-transform:none;border-top-color:#04728a;border-top-style:solid;border-right-color:#04728a;border-right-style:solid;border-bottom-color:#04728a;border-bottom-style:solid;border-left-color:#04728a;border-left-style:solid;padding-top:40px;padding-bottom:40px;box-shadow:2px 2px 3px 0px rgba(0, 0, 0, 0.4);}.wp-block-kadence-advancedbtn .kb-btn705_3ca011-48.kb-button:hover, .wp-block-kadence-advancedbtn .kb-btn705_3ca011-48.kb-button:focus{color:#ffffff;background:#0099bb;border-top-color:#0099bb;border-top-style:solid;border-right-color:#0099bb;border-right-style:solid;border-bottom-color:#0099bb;border-bottom-style:solid;border-left-color:#0099bb;border-left-style:solid;}@media all and (max-width: 1024px){.wp-block-kadence-advancedbtn .kb-btn705_3ca011-48.kb-button{border-top-color:#04728a;border-top-style:solid;border-right-color:#04728a;border-right-style:solid;border-bottom-color:#04728a;border-bottom-style:solid;border-left-color:#04728a;border-left-style:solid;}}@media all and (max-width: 1024px){.wp-block-kadence-advancedbtn .kb-btn705_3ca011-48.kb-button:hover, .wp-block-kadence-advancedbtn .kb-btn705_3ca011-48.kb-button:focus{border-top-color:#0099bb;border-top-style:solid;border-right-color:#0099bb;border-right-style:solid;border-bottom-color:#0099bb;border-bottom-style:solid;border-left-color:#0099bb;border-left-style:solid;}}@media all and (max-width: 767px){.wp-block-kadence-advancedbtn .kb-btn705_3ca011-48.kb-button{border-top-color:#04728a;border-top-style:solid;border-right-color:#04728a;border-right-style:solid;border-bottom-color:#04728a;border-bottom-style:solid;border-left-color:#04728a;border-left-style:solid;}.wp-block-kadence-advancedbtn .kb-btn705_3ca011-48.kb-button:hover, .wp-block-kadence-advancedbtn .kb-btn705_3ca011-48.kb-button:focus{border-top-color:#0099bb;border-top-style:solid;border-right-color:#0099bb;border-right-style:solid;border-bottom-color:#0099bb;border-bottom-style:solid;border-left-color:#0099bb;border-left-style:solid;}}<\/style><a class=\"kb-button kt-button button kb-btn705_3ca011-48 kt-btn-size-standard kt-btn-width-type-full kb-btn-global-outline  kt-btn-has-text-true kt-btn-has-svg-false  wp-block-kadence-singlebtn\" href=\"https:\/\/bootuitjes.nl\/arrangementen\/\"><span class=\"kt-btn-inner-text\">Sieh dir all unsere Ausfl\u00fcge an<br>Klicke hier!<\/span><\/a><\/div>\n<\/div><\/div>\n\n<\/div><\/div>","protected":false},"excerpt":{"rendered":"<p>Ups! Diese Seite existiert nicht (mehr). Zum Gl\u00fcck haben wir einige tolle Ausfl\u00fcge f\u00fcr dich bereit, von denen bestimmt etwas Passendes f\u00fcr dich dabei ist. Klicke einfach auf den Link unten und finde den Ausflug, der zu dir passt.<\/p>\n","protected":false},"author":1,"featured_media":0,"parent":0,"menu_order":0,"comment_status":"closed","ping_status":"closed","template":"","meta":{"_kad_blocks_custom_css":"","_kad_blocks_head_custom_js":"","_kad_blocks_body_custom_js":"","_kad_blocks_footer_custom_js":"","_kad_post_transparent":"","_kad_post_title":"","_kad_post_layout":"","_kad_post_sidebar_id":"","_kad_post_content_style":"","_kad_post_vertical_padding":"","_kad_post_feature":"","_kad_post_feature_position":"","_kad_post_header":false,"_kad_post_footer":false,"_kad_post_classname":"","_jet_sm_ready_style":"","_jet_sm_style":"","_jet_sm_controls_values":"","_jet_sm_fonts_collection":"","_jet_sm_fonts_links":"","footnotes":""},"categories":[],"tags":[],"type-uitje":[],"stad":[],"type-boot":[],"class_list":["post-14153","page","type-page","status-publish","hentry"],"taxonomy_info":[],"featured_image_src_large":false,"author_info":{"display_name":"Bootuitjes_admin","author_link":"https:\/\/bootuitjes.nl\/de\/author\/bootuitjes_admin\/"},"comment_info":0,"_links":{"self":[{"href":"https:\/\/bootuitjes.nl\/de\/wp-json\/wp\/v2\/pages\/14153","targetHints":{"allow":["GET"]}}],"collection":[{"href":"https:\/\/bootuitjes.nl\/de\/wp-json\/wp\/v2\/pages"}],"about":[{"href":"https:\/\/bootuitjes.nl\/de\/wp-json\/wp\/v2\/types\/page"}],"author":[{"embeddable":true,"href":"https:\/\/bootuitjes.nl\/de\/wp-json\/wp\/v2\/users\/1"}],"replies":[{"embeddable":true,"href":"https:\/\/bootuitjes.nl\/de\/wp-json\/wp\/v2\/comments?post=14153"}],"version-history":[{"count":1,"href":"https:\/\/bootuitjes.nl\/de\/wp-json\/wp\/v2\/pages\/14153\/revisions"}],"predecessor-version":[{"id":14154,"href":"https:\/\/bootuitjes.nl\/de\/wp-json\/wp\/v2\/pages\/14153\/revisions\/14154"}],"wp:attachment":[{"href":"https:\/\/bootuitjes.nl\/de\/wp-json\/wp\/v2\/media?parent=14153"}],"wp:term":[{"taxonomy":"category","embeddable":true,"href":"https:\/\/bootuitjes.nl\/de\/wp-json\/wp\/v2\/categories?post=14153"},{"taxonomy":"post_tag","embeddable":true,"href":"https:\/\/bootuitjes.nl\/de\/wp-json\/wp\/v2\/tags?post=14153"},{"taxonomy":"type-uitje","embeddable":true,"href":"https:\/\/bootuitjes.nl\/de\/wp-json\/wp\/v2\/type-uitje?post=14153"},{"taxonomy":"stad","embeddable":true,"href":"https:\/\/bootuitjes.nl\/de\/wp-json\/wp\/v2\/stad?post=14153"},{"taxonomy":"type-boot","embeddable":true,"href":"https:\/\/bootuitjes.nl\/de\/wp-json\/wp\/v2\/type-boot?post=14153"}],"curies":[{"name":"wp","href":"https:\/\/api.w.org\/{rel}","templated":true}]}}