{"id":8474,"date":"2025-12-19T07:34:45","date_gmt":"2025-12-19T07:34:45","guid":{"rendered":"https:\/\/bootuitjes.nl\/inspire\/"},"modified":"2026-04-22T17:53:19","modified_gmt":"2026-04-22T17:53:19","slug":"inspiration","status":"publish","type":"page","link":"https:\/\/bootuitjes.nl\/de\/inspiration\/","title":{"rendered":"Inspiration"},"content":{"rendered":"<style>.kb-row-layout-id8474_3bf2cd-33 > .kt-row-column-wrap{align-content:start;}:where(.kb-row-layout-id8474_3bf2cd-33 > .kt-row-column-wrap) > .wp-block-kadence-column{justify-content:start;}.kb-row-layout-id8474_3bf2cd-33 > .kt-row-column-wrap{column-gap:var(--global-kb-gap-md, 2rem);row-gap:var(--global-kb-gap-md, 2rem);max-width:var( --global-content-width, 1010px );padding-left:var(--global-content-edge-padding);padding-right:var(--global-content-edge-padding);padding-top:var(--global-kb-spacing-sm, 1.5rem);grid-template-columns:minmax(0, 1fr);}.kb-row-layout-id8474_3bf2cd-33 > .kt-row-layout-overlay{opacity:0.30;}@media all and (max-width: 1024px){.kb-row-layout-id8474_3bf2cd-33 > .kt-row-column-wrap{padding-right:var(--global-kb-spacing-md, 2rem);padding-left:var(--global-kb-spacing-md, 2rem);grid-template-columns:minmax(0, 1fr);}}@media all and (max-width: 767px){.kb-row-layout-id8474_3bf2cd-33 > .kt-row-column-wrap{grid-template-columns:minmax(0, 1fr);}}<\/style><div class=\"kb-row-layout-wrap kb-row-layout-id8474_3bf2cd-33 alignnone wp-block-kadence-rowlayout\"><div class=\"kt-row-column-wrap kt-has-1-columns kt-row-layout-equal kt-tab-layout-inherit kt-mobile-layout-row kt-row-valign-top kb-theme-content-width\">\n<style>.kadence-column8474_101e89-10 > .kt-inside-inner-col,.kadence-column8474_101e89-10 > .kt-inside-inner-col:before{border-top-left-radius:0px;border-top-right-radius:0px;border-bottom-right-radius:0px;border-bottom-left-radius:0px;}.kadence-column8474_101e89-10 > .kt-inside-inner-col{column-gap:var(--global-kb-gap-sm, 1rem);}.kadence-column8474_101e89-10 > .kt-inside-inner-col{flex-direction:column;}.kadence-column8474_101e89-10 > .kt-inside-inner-col > .aligncenter{width:100%;}.kadence-column8474_101e89-10 > .kt-inside-inner-col:before{opacity:0.3;}.kadence-column8474_101e89-10{position:relative;}@media all and (max-width: 1024px){.kadence-column8474_101e89-10 > .kt-inside-inner-col{flex-direction:column;justify-content:center;}}@media all and (max-width: 767px){.kadence-column8474_101e89-10 > .kt-inside-inner-col{flex-direction:column;justify-content:center;}}<\/style>\n<div class=\"wp-block-kadence-column kadence-column8474_101e89-10\"><div class=\"kt-inside-inner-col\"><nav id=\"kadence-breadcrumbs\" aria-label=\"Breadcrumbs\"  class=\"kadence-breadcrumbs\"><div class=\"kadence-breadcrumb-container\"><span><a href=\"https:\/\/bootuitjes.nl\/de\/\" itemprop=\"url\" class=\"kadence-bc-home\" ><span>Home<\/span><\/a><\/span> <span class=\"bc-delimiter\">\/<\/span> <span class=\"kadence-bread-current\">Inspiration<\/span><\/div><\/nav>\n<\/div><\/div>\n\n<\/div><\/div>\n\n<style>.kb-row-layout-id8474_3058c5-37 > .kt-row-column-wrap{align-content:start;}:where(.kb-row-layout-id8474_3058c5-37 > .kt-row-column-wrap) > .wp-block-kadence-column{justify-content:start;}.kb-row-layout-id8474_3058c5-37 > .kt-row-column-wrap{column-gap:var(--global-kb-gap-md, 2rem);row-gap:var(--global-kb-gap-md, 2rem);max-width:var( --global-content-width, 1010px );padding-left:var(--global-content-edge-padding);padding-right:var(--global-content-edge-padding);grid-template-columns:minmax(0, 1fr);}.kb-row-layout-id8474_3058c5-37 > .kt-row-layout-overlay{opacity:0.30;}@media all and (max-width: 1024px){.kb-row-layout-id8474_3058c5-37 > .kt-row-column-wrap{padding-right:var(--global-kb-spacing-md, 2rem);padding-left:var(--global-kb-spacing-md, 2rem);grid-template-columns:minmax(0, 1fr);}}@media all and (max-width: 767px){.kb-row-layout-id8474_3058c5-37 > .kt-row-column-wrap{grid-template-columns:minmax(0, 1fr);}}<\/style><div class=\"kb-row-layout-wrap kb-row-layout-id8474_3058c5-37 alignnone wp-block-kadence-rowlayout\"><div class=\"kt-row-column-wrap kt-has-1-columns kt-row-layout-equal kt-tab-layout-inherit kt-mobile-layout-row kt-row-valign-top kb-theme-content-width\">\n<style>.kadence-column8474_dd7b22-15 > .kt-inside-inner-col,.kadence-column8474_dd7b22-15 > .kt-inside-inner-col:before{border-top-left-radius:0px;border-top-right-radius:0px;border-bottom-right-radius:0px;border-bottom-left-radius:0px;}.kadence-column8474_dd7b22-15 > .kt-inside-inner-col{column-gap:var(--global-kb-gap-sm, 1rem);}.kadence-column8474_dd7b22-15 > .kt-inside-inner-col{flex-direction:column;}.kadence-column8474_dd7b22-15 > .kt-inside-inner-col > .aligncenter{width:100%;}.kadence-column8474_dd7b22-15 > .kt-inside-inner-col:before{opacity:0.3;}.kadence-column8474_dd7b22-15{position:relative;}@media all and (max-width: 1024px){.kadence-column8474_dd7b22-15 > .kt-inside-inner-col{flex-direction:column;justify-content:center;}}@media all and (max-width: 767px){.kadence-column8474_dd7b22-15 > .kt-inside-inner-col{flex-direction:column;justify-content:center;}}<\/style>\n<div class=\"wp-block-kadence-column kadence-column8474_dd7b22-15\"><div class=\"kt-inside-inner-col\"><style>.kb-row-layout-id8474_6fcdc5-b4 > .kt-row-column-wrap{align-content:start;}:where(.kb-row-layout-id8474_6fcdc5-b4 > .kt-row-column-wrap) > .wp-block-kadence-column{justify-content:start;}.kb-row-layout-id8474_6fcdc5-b4 > .kt-row-column-wrap{column-gap:var(--global-kb-gap-md, 2rem);row-gap:var(--global-kb-gap-md, 2rem);padding-top:var(--global-kb-spacing-sm, 1.5rem);padding-bottom:var(--global-kb-spacing-lg, 3rem);grid-template-columns:minmax(0, 2fr) minmax(0, 1fr);}.kb-row-layout-id8474_6fcdc5-b4 > .kt-row-layout-overlay{opacity:0.30;}@media all and (max-width: 1024px){.kb-row-layout-id8474_6fcdc5-b4 > .kt-row-column-wrap{grid-template-columns:minmax(0, 1fr);}}@media all and (max-width: 767px){.kb-row-layout-id8474_6fcdc5-b4 > .kt-row-column-wrap{grid-template-columns:minmax(0, 1fr);}}<\/style><div class=\"kb-row-layout-wrap kb-row-layout-id8474_6fcdc5-b4 alignnone wp-block-kadence-rowlayout\"><div class=\"kt-row-column-wrap kt-has-2-columns kt-row-layout-left-golden kt-tab-layout-row kt-mobile-layout-row kt-row-valign-top\">\n<style>.kadence-column8474_c470dc-b1 > .kt-inside-inner-col,.kadence-column8474_c470dc-b1 > .kt-inside-inner-col:before{border-top-left-radius:0px;border-top-right-radius:0px;border-bottom-right-radius:0px;border-bottom-left-radius:0px;}.kadence-column8474_c470dc-b1 > .kt-inside-inner-col{column-gap:var(--global-kb-gap-sm, 1rem);}.kadence-column8474_c470dc-b1 > .kt-inside-inner-col{flex-direction:column;}.kadence-column8474_c470dc-b1 > .kt-inside-inner-col > .aligncenter{width:100%;}.kadence-column8474_c470dc-b1 > .kt-inside-inner-col:before{opacity:0.3;}.kadence-column8474_c470dc-b1{position:relative;}@media all and (max-width: 1024px){.kadence-column8474_c470dc-b1 > .kt-inside-inner-col{flex-direction:column;justify-content:center;}}@media all and (max-width: 767px){.kadence-column8474_c470dc-b1 > .kt-inside-inner-col{flex-direction:column;justify-content:center;}}<\/style>\n<div class=\"wp-block-kadence-column kadence-column8474_c470dc-b1\"><div class=\"kt-inside-inner-col\"><style>.wp-block-kadence-advancedheading.kt-adv-heading8474_a77c70-fc, .wp-block-kadence-advancedheading.kt-adv-heading8474_a77c70-fc[data-kb-block=\"kb-adv-heading8474_a77c70-fc\"]{font-style:normal;}.wp-block-kadence-advancedheading.kt-adv-heading8474_a77c70-fc mark.kt-highlight, .wp-block-kadence-advancedheading.kt-adv-heading8474_a77c70-fc[data-kb-block=\"kb-adv-heading8474_a77c70-fc\"] mark.kt-highlight{font-style:normal;color:#f76a0c;-webkit-box-decoration-break:clone;box-decoration-break:clone;padding-top:0px;padding-right:0px;padding-bottom:0px;padding-left:0px;}.wp-block-kadence-advancedheading.kt-adv-heading8474_a77c70-fc img.kb-inline-image, .wp-block-kadence-advancedheading.kt-adv-heading8474_a77c70-fc[data-kb-block=\"kb-adv-heading8474_a77c70-fc\"] img.kb-inline-image{width:150px;vertical-align:baseline;}<\/style>\n<h1 class=\"kt-adv-heading8474_a77c70-fc wp-block-kadence-advancedheading\" data-kb-block=\"kb-adv-heading8474_a77c70-fc\">Inspiration f\u00fcr Bootsausfl\u00fcge<\/h1>\n\n\n<style>.wp-block-kadence-advancedheading.kt-adv-heading8474_cb21fb-df, .wp-block-kadence-advancedheading.kt-adv-heading8474_cb21fb-df[data-kb-block=\"kb-adv-heading8474_cb21fb-df\"]{font-style:normal;}.wp-block-kadence-advancedheading.kt-adv-heading8474_cb21fb-df mark.kt-highlight, .wp-block-kadence-advancedheading.kt-adv-heading8474_cb21fb-df[data-kb-block=\"kb-adv-heading8474_cb21fb-df\"] mark.kt-highlight{font-style:normal;color:#f76a0c;-webkit-box-decoration-break:clone;box-decoration-break:clone;padding-top:0px;padding-right:0px;padding-bottom:0px;padding-left:0px;}.wp-block-kadence-advancedheading.kt-adv-heading8474_cb21fb-df img.kb-inline-image, .wp-block-kadence-advancedheading.kt-adv-heading8474_cb21fb-df[data-kb-block=\"kb-adv-heading8474_cb21fb-df\"] img.kb-inline-image{width:150px;vertical-align:baseline;}<\/style>\n<p class=\"kt-adv-heading8474_cb21fb-df wp-block-kadence-advancedheading\" data-kb-block=\"kb-adv-heading8474_cb21fb-df\">Erfahren Sie alles \u00fcber die verschiedenen St\u00e4dte in den Niederlanden. Erfahren Sie mehr \u00fcber Amsterdam, Haarlem, Utrecht oder Volendam. Oder starten Sie hier Ihren Betriebsausflug, Ihren Junggesellenabschied oder einen anderen geselligen Gruppenausflug.<\/p>\n<\/div><\/div>\n\n\n<style>.kadence-column8474_1cb13b-4a > .kt-inside-inner-col,.kadence-column8474_1cb13b-4a > .kt-inside-inner-col:before{border-top-left-radius:0px;border-top-right-radius:0px;border-bottom-right-radius:0px;border-bottom-left-radius:0px;}.kadence-column8474_1cb13b-4a > .kt-inside-inner-col{column-gap:var(--global-kb-gap-sm, 1rem);}.kadence-column8474_1cb13b-4a > .kt-inside-inner-col{flex-direction:column;}.kadence-column8474_1cb13b-4a > .kt-inside-inner-col > .aligncenter{width:100%;}.kadence-column8474_1cb13b-4a > .kt-inside-inner-col:before{opacity:0.3;}.kadence-column8474_1cb13b-4a{position:relative;}@media all and (max-width: 1024px){.kadence-column8474_1cb13b-4a > .kt-inside-inner-col{flex-direction:column;justify-content:center;}}@media all and (max-width: 767px){.kadence-column8474_1cb13b-4a > .kt-inside-inner-col{flex-direction:column;justify-content:center;}}<\/style>\n<div class=\"wp-block-kadence-column kadence-column8474_1cb13b-4a\"><div class=\"kt-inside-inner-col\"><\/div><\/div>\n\n<\/div><\/div><\/div><\/div>\n\n<\/div><\/div>\n\n\n\n<section class=\"posts_sec p_t_0\" id=\"ajax-listing\" data-action=\"load_more_posts\">\n    <div class=\"contain\">\n        <div class=\"all_blog_list\">\n\n            <!-- CATEGORY FILTER (AUTO FROM POSTS) -->\n\t\t\t<div class=\"blog-cate-wrapper\">\t\t\t\n\t\t\t\t<div class=\"blog-filter\">\n\t\t\t\t\t<ul class=\"blog-categories\">\n\t\t\t\t\t\t<li>\n\t\t\t\t\t\t\t<a href=\"#\" class=\"cat-link active\" data-cat=\"all\">Alle blogs<\/a>\n\t\t\t\t\t\t<\/li>\n\n\t\t\t\t\t\t\t\t\t\t\t\t\t<li>\n\t\t\t\t\t\t\t\t<a href=\"#\" class=\"cat-link\" data-cat=\"163\">\n\t\t\t\t\t\t\t\t\tAmsterdam\t\t\t\t\t\t\t\t<\/a>\n\t\t\t\t\t\t\t<\/li>\n\t\t\t\t\t\t\t\t\t\t\t\t\t<li>\n\t\t\t\t\t\t\t\t<a href=\"#\" class=\"cat-link\" data-cat=\"164\">\n\t\t\t\t\t\t\t\t\tHaarlem\t\t\t\t\t\t\t\t<\/a>\n\t\t\t\t\t\t\t<\/li>\n\t\t\t\t\t\t\t\t\t\t\t<\/ul>\n\t\t\t\t\t\n<!-- \t\t\t\t\t<div class=\"paddles\">\n                        <button class=\"left-paddle paddle hidden\">\n                            &#10094;\n                        <\/button>\n                        <button class=\"right-paddle paddle\">\n                            &#10095;\n                        <\/button>\n                    <\/div> -->\n\t\t\t\t<\/div>\n\t\t\t\t\n\t\t\t<\/div>\n\n            <!-- POSTS -->\n            <div id=\"posts-wrapper\">\n                <div class=\"post_lists\">\n                    <div class=\"all_blog_flex\">\n\n                                                    \n                            <div class=\"col\">\n                                <div class=\"inner\">\n                                    <div class=\"image\">\n                                        <img decoding=\"async\" src=\"https:\/\/bootuitjes.nl\/wp-content\/uploads\/2026\/04\/amsterdam-centraal-station.webp\"\n                                             loading=\"lazy\"\n                                             alt=\"amsterdam centraal station\">\n                                    <\/div>\n                                    <div class=\"txt\">\n                                        <h3>\n                                            <a href=\"https:\/\/bootuitjes.nl\/de\/blog-uebersicht-amsterdam\/\">\n                                                Blog-\u00dcbersicht Amsterdam                                            <\/a>\n                                        <\/h3>\n                                        <div class=\"btn_blk\">\n                                            <a href=\"https:\/\/bootuitjes.nl\/de\/blog-uebersicht-amsterdam\/\" class=\"site_btn blank\">\n                                                Mehr lesen                                            <\/a>\n                                        <\/div>\n                                    <\/div>\n                                <\/div>\n                            <\/div>\n\n                                                    \n                            <div class=\"col\">\n                                <div class=\"inner\">\n                                    <div class=\"image\">\n                                        <img decoding=\"async\" src=\"https:\/\/bootuitjes.nl\/wp-content\/uploads\/2026\/03\/Haarlem-stedentrip-3.jpg\"\n                                             loading=\"lazy\"\n                                             alt=\"Haarlem stedentrip\">\n                                    <\/div>\n                                    <div class=\"txt\">\n                                        <h3>\n                                            <a href=\"https:\/\/bootuitjes.nl\/de\/blog-uebersicht-haarlem\/\">\n                                                Blog-\u00dcbersicht Haarlem                                            <\/a>\n                                        <\/h3>\n                                        <div class=\"btn_blk\">\n                                            <a href=\"https:\/\/bootuitjes.nl\/de\/blog-uebersicht-haarlem\/\" class=\"site_btn blank\">\n                                                Mehr lesen                                            <\/a>\n                                        <\/div>\n                                    <\/div>\n                                <\/div>\n                            <\/div>\n\n                                                    \n                            <div class=\"col\">\n                                <div class=\"inner\">\n                                    <div class=\"image\">\n                                        <img decoding=\"async\" src=\"https:\/\/bootuitjes.nl\/wp-content\/uploads\/2026\/04\/Amsterdam-uitjes.webp\"\n                                             loading=\"lazy\"\n                                             alt=\"Ausfl\u00fcge Amsterdam: Die 20 besten Aktivit\u00e4ten\">\n                                    <\/div>\n                                    <div class=\"txt\">\n                                        <h3>\n                                            <a href=\"https:\/\/bootuitjes.nl\/de\/ausfluege-amsterdam\/\">\n                                                Ausfl\u00fcge Amsterdam: Die 20 besten Aktivit\u00e4ten                                            <\/a>\n                                        <\/h3>\n                                        <div class=\"btn_blk\">\n                                            <a href=\"https:\/\/bootuitjes.nl\/de\/ausfluege-amsterdam\/\" class=\"site_btn blank\">\n                                                Mehr lesen                                            <\/a>\n                                        <\/div>\n                                    <\/div>\n                                <\/div>\n                            <\/div>\n\n                        \n                    <\/div>\n\n                    <!-- COUNTER + LOAD MORE \/ PAGINATION -->\n                    <div class=\"count_load_cstm\">\n                        <div class=\"page-counter\">\n                            <span class=\"current\">3<\/span>\n                            <span class=\"divider\">\/<\/span>\n                            <span class=\"total\">62<\/span>\n                        <\/div>\n\n                        \t\t\t\t\t\t    <div class=\"btn_blk text-center\">\n\t\t\t\t\t\t        <button\n\t\t\t\t\t\t            class=\"site_btn blank load-more-posts\"\n\t\t\t\t\t\t            data-page=\"1\"\n\t\t\t\t\t\t            data-limit=\"3\"\n\t\t\t\t\t\t            data-orderby=\"Newest to Oldest\">\n\t\t\t\t\t\t            Mehr laden\t\t\t\t\t\t        <\/button>\n\t\t\t\t\t\t    <\/div>\n\t\t\t\t\t\t\n\n                    <\/div>\n                <\/div>\n            <\/div>\n\n        <\/div>\n    <\/div>\n<\/section>\n\n\n\n<section class=\"cta_inner_mid_sec\">\n    <div class=\"contain\">\n        <div class=\"cntnt\">\n            <div class=\"left_txt\">\n\n                                    <div class=\"heading_cta_clr\">\n                        Alle unsere Arrangements ansehen\n                                                    <em>f\u00fcr Veranstaltungen<\/em>\n                                            <\/div>\n                \n                                    <p>Bleiben Sie auf dem Laufenden<\/p>\n                \n            <\/div>\n\n            <div class=\"right_txt\">\n                \n                                    <div class=\"btn_blk\">\n                        <a href=\"#!\"\n                           class=\"site_btn white\"\n                           target=\"_blank\">\n                            Alle Veranstaltungen anzeigen                        <\/a>\n                    <\/div>\n                            <\/div>\n\n        <\/div>\n    <\/div>\n<\/section>\n\n\n<div style=\"height:70px\" aria-hidden=\"true\" class=\"wp-block-spacer\"><\/div>\n\n\n\n\n\n\n \n <!-- meer button sec -->\n\n    <section class=\"meer_btns\">\n        <div class=\"contain\">\n                        <div class=\"content_half_center\">\n                <h3>Mehr anzeigen<\/h3>\n            <\/div>\n        <!--             <div class=\"btn_blk\">\n                                    <a href=\"#\" class=\"site_btn blank\" target=\"\">Veranstaltungen<\/a>\n                                    <a href=\"#\" class=\"site_btn blank\" target=\"\">Stadtgeschichte<\/a>\n                                    <a href=\"#\" class=\"site_btn blank\" target=\"\">Reiseleiter<\/a>\n                                    <a href=\"#\" class=\"site_btn blank\" target=\"\">Segeln 2025<\/a>\n                            <\/div> -->\n\t\t\t<div class=\"meer_btns_inner\">\n\t\t\t\t<button class=\"arrow left\" style=\"\">\n\t\t\t\t\t<img decoding=\"async\" src=\"https:\/\/bootuitjes.nl\/wp-content\/themes\/bootuitjes-child-theme\/assets\/images\/cstm\/left_arrow.svg\" >\n\t\t\t\t<\/button>\n\t\t\t\t<div class=\"btn_blk_wrapper\">\n\t\t\t\t\t<div class=\"btn_blk\">\n\t\t\t\t\t\t\t\t\t\t\t\t\t<a href=\"#\" class=\"site_btn blank\" target=\"\">Veranstaltungen<\/a>\n\t\t\t\t\t\t\t\t\t\t\t\t\t<a href=\"#\" class=\"site_btn blank\" target=\"\">Stadtgeschichte<\/a>\n\t\t\t\t\t\t\t\t\t\t\t\t\t<a href=\"#\" class=\"site_btn blank\" target=\"\">Reiseleiter<\/a>\n\t\t\t\t\t\t\t\t\t\t\t\t\t<a href=\"#\" class=\"site_btn blank\" target=\"\">Segeln 2025<\/a>\n\t\t\t\t\t\t\t\t\t\t\t<\/div>\n\t\t\t\t<\/div>\n\t\t\t\t<button class=\"arrow right\" style=\"\"><img decoding=\"async\" src=\"https:\/\/bootuitjes.nl\/wp-content\/themes\/bootuitjes-child-theme\/assets\/images\/cstm\/right_arrow.svg\" ><\/button>\n\t\t\t<\/div>\n\t\t\t\n        <\/div>\n    <\/section>\n","protected":false},"excerpt":{"rendered":"Inspiration f\u00fcr Bootsausfl\u00fcge Erfahren Sie alles \u00fcber die verschiedenen St\u00e4dte in den Niederlanden. Erfahren Sie mehr \u00fcber Amsterdam, Haarlem, Utrecht oder Volendam. Oder starten Sie hier Ihren Betriebsausflug, Ihren Junggesellenabschied oder einen anderen geselligen Gruppenausflug.","protected":false},"author":2,"featured_media":0,"parent":0,"menu_order":0,"comment_status":"closed","ping_status":"closed","template":"inspire.php","meta":{"_acf_changed":false,"inline_featured_image":false,"_kad_blocks_custom_css":"","_kad_blocks_head_custom_js":"","_kad_blocks_body_custom_js":"","_kad_blocks_footer_custom_js":"","_kad_post_transparent":"","_kad_post_title":"","_kad_post_layout":"","_kad_post_sidebar_id":"","_kad_post_content_style":"","_kad_post_vertical_padding":"","_kad_post_feature":"","_kad_post_feature_position":"","_kad_post_header":false,"_kad_post_footer":false,"_kad_post_classname":"","footnotes":""},"class_list":["post-8474","page","type-page","status-publish","hentry"],"acf":[],"taxonomy_info":[],"featured_image_src_large":false,"author_info":{"display_name":"David Van Brakel","author_link":"https:\/\/bootuitjes.nl\/de\/author\/dvanbrakel\/"},"comment_info":0,"_links":{"self":[{"href":"https:\/\/bootuitjes.nl\/de\/wp-json\/wp\/v2\/pages\/8474","targetHints":{"allow":["GET"]}}],"collection":[{"href":"https:\/\/bootuitjes.nl\/de\/wp-json\/wp\/v2\/pages"}],"about":[{"href":"https:\/\/bootuitjes.nl\/de\/wp-json\/wp\/v2\/types\/page"}],"author":[{"embeddable":true,"href":"https:\/\/bootuitjes.nl\/de\/wp-json\/wp\/v2\/users\/2"}],"replies":[{"embeddable":true,"href":"https:\/\/bootuitjes.nl\/de\/wp-json\/wp\/v2\/comments?post=8474"}],"version-history":[{"count":3,"href":"https:\/\/bootuitjes.nl\/de\/wp-json\/wp\/v2\/pages\/8474\/revisions"}],"predecessor-version":[{"id":13772,"href":"https:\/\/bootuitjes.nl\/de\/wp-json\/wp\/v2\/pages\/8474\/revisions\/13772"}],"wp:attachment":[{"href":"https:\/\/bootuitjes.nl\/de\/wp-json\/wp\/v2\/media?parent=8474"}],"curies":[{"name":"wp","href":"https:\/\/api.w.org\/{rel}","templated":true}]}}