{"id":8489,"date":"2026-01-21T08:06:28","date_gmt":"2026-01-21T08:06:28","guid":{"rendered":"https:\/\/bootuitjes.nl\/terms-conditions\/"},"modified":"2026-03-24T08:59:33","modified_gmt":"2026-03-24T08:59:33","slug":"terms-conditions","status":"publish","type":"page","link":"https:\/\/bootuitjes.nl\/de\/terms-conditions\/","title":{"rendered":"Terms &#038; Conditions"},"content":{"rendered":"<style>.kb-row-layout-id8489_458f74-d7 > .kt-row-column-wrap{align-content:start;}:where(.kb-row-layout-id8489_458f74-d7 > .kt-row-column-wrap) > .wp-block-kadence-column{justify-content:start;}.kb-row-layout-id8489_458f74-d7 > .kt-row-column-wrap{column-gap:var(--global-kb-gap-md, 2rem);row-gap:var(--global-kb-gap-md, 2rem);max-width:var( --global-content-width, 1010px );padding-left:var(--global-content-edge-padding);padding-right:var(--global-content-edge-padding);padding-top:var(--global-kb-spacing-sm, 1.5rem);padding-bottom:var(--global-kb-spacing-xl, 4rem);grid-template-columns:minmax(0, 1fr);}.kb-row-layout-id8489_458f74-d7 > .kt-row-layout-overlay{opacity:0.30;}@media all and (max-width: 1024px){.kb-row-layout-id8489_458f74-d7 > .kt-row-column-wrap{grid-template-columns:minmax(0, 1fr);}}@media all and (max-width: 767px){.kb-row-layout-id8489_458f74-d7 > .kt-row-column-wrap{grid-template-columns:minmax(0, 1fr);}}<\/style><div class=\"kb-row-layout-wrap kb-row-layout-id8489_458f74-d7 alignnone wp-block-kadence-rowlayout\"><div class=\"kt-row-column-wrap kt-has-1-columns kt-row-layout-equal kt-tab-layout-inherit kt-mobile-layout-row kt-row-valign-top kb-theme-content-width\">\n<style>.kadence-column8489_d7a2ec-b4 > .kt-inside-inner-col,.kadence-column8489_d7a2ec-b4 > .kt-inside-inner-col:before{border-top-left-radius:0px;border-top-right-radius:0px;border-bottom-right-radius:0px;border-bottom-left-radius:0px;}.kadence-column8489_d7a2ec-b4 > .kt-inside-inner-col{column-gap:var(--global-kb-gap-sm, 1rem);}.kadence-column8489_d7a2ec-b4 > .kt-inside-inner-col{flex-direction:column;}.kadence-column8489_d7a2ec-b4 > .kt-inside-inner-col > .aligncenter{width:100%;}.kadence-column8489_d7a2ec-b4 > .kt-inside-inner-col:before{opacity:0.3;}.kadence-column8489_d7a2ec-b4{position:relative;}@media all and (max-width: 1024px){.kadence-column8489_d7a2ec-b4 > .kt-inside-inner-col{flex-direction:column;justify-content:center;}}@media all and (max-width: 767px){.kadence-column8489_d7a2ec-b4 > .kt-inside-inner-col{flex-direction:column;justify-content:center;}}<\/style>\n<div class=\"wp-block-kadence-column kadence-column8489_d7a2ec-b4\"><div class=\"kt-inside-inner-col\"><nav id=\"kadence-breadcrumbs\" aria-label=\"Breadcrumbs\"  class=\"kadence-breadcrumbs\"><div class=\"kadence-breadcrumb-container\"><span><a href=\"https:\/\/bootuitjes.nl\/de\/\" itemprop=\"url\" class=\"kadence-bc-home\" ><span>Home<\/span><\/a><\/span> <span class=\"bc-delimiter\">\/<\/span> <span class=\"kadence-bread-current\">Terms &#038; Conditions<\/span><\/div><\/nav>\n\n\n\n<div style=\"height:10px\" aria-hidden=\"true\" class=\"wp-block-spacer\"><\/div>\n\n\n\n<h1 class=\"wp-block-heading has--font-size\">Allgemeine Gesch\u00e4ftsbedingungen<\/h1>\n\n\n\n<div style=\"height:35px\" aria-hidden=\"true\" class=\"wp-block-spacer\"><\/div>\n\n\n\n<h4 class=\"wp-block-heading\">Wer wir sind<\/h4>\n\n\n\n<p><strong class=\"privacy-policy-tutorial\">Vorschlag f\u00fcr den Text: <\/strong>Unsere Website lautet: http:\/\/bootuitjes.nl.<\/p>\n\n\n\n<h4 class=\"wp-block-heading\">Kommentare<\/h4>\n\n\n\n<p><strong class=\"privacy-policy-tutorial\">Vorschlag f\u00fcr den Text: <\/strong>Wenn Besucher Kommentare auf der Website hinterlassen, erfassen wir die im Kommentarformular angezeigten Daten sowie die IP-Adresse des Besuchers und die User-Agent-Zeichenfolge des Browsers, um Spam zu erkennen.<\/p>\n\n\n\n<p>Eine aus Ihrer E-Mail-Adresse erstellte anonymisierte Zeichenfolge (auch als Hash bezeichnet) wird m\u00f6glicherweise an den Gravatar-Dienst \u00fcbermittelt, um festzustellen, ob Sie diesen nutzen. Die Datenschutzerkl\u00e4rung des Gravatar-Dienstes finden Sie hier: https:\/\/automattic.com\/privacy\/. Nach der Freigabe Ihres Kommentars ist Ihr Profilbild im Zusammenhang mit Ihrem Kommentar f\u00fcr die \u00d6ffentlichkeit sichtbar.<\/p>\n\n\n\n<h4 class=\"wp-block-heading\">Medien<\/h4>\n\n\n\n<p><strong class=\"privacy-policy-tutorial\">Vorschlag f\u00fcr den Text: <\/strong>Wenn Sie Bilder auf die Website hochladen, sollten Sie darauf achten, keine Bilder mit eingebetteten Standortdaten (EXIF-GPS) hochzuladen. Besucher der Website k\u00f6nnen Bilder von der Website herunterladen und daraus Standortdaten extrahieren.<\/p>\n\n\n\n<h4 class=\"wp-block-heading\">Cookies<\/h4>\n\n\n\n<p><strong class=\"privacy-policy-tutorial\">Vorschlag f\u00fcr den Text: <\/strong>Wenn Sie einen Kommentar auf unserer Website hinterlassen, k\u00f6nnen Sie sich daf\u00fcr entscheiden, Ihren Namen, Ihre E-Mail-Adresse und Ihre Website in Cookies zu speichern. Dies dient Ihrer Bequemlichkeit, damit Sie Ihre Daten nicht erneut eingeben m\u00fcssen, wenn Sie einen weiteren Kommentar hinterlassen. Diese Cookies bleiben ein Jahr lang gespeichert.<\/p>\n\n\n\n<p>Wenn Sie unsere Anmeldeseite aufrufen, setzen wir ein tempor\u00e4res Cookie, um festzustellen, ob Ihr Browser Cookies akzeptiert. Dieses Cookie enth\u00e4lt keine personenbezogenen Daten und wird gel\u00f6scht, sobald Sie Ihren Browser schlie\u00dfen.<\/p>\n\n\n\n<p>Wenn Sie sich anmelden, setzen wir au\u00dferdem mehrere Cookies, um Ihre Anmeldedaten und Ihre Bildschirmeinstellungen zu speichern. Anmelde-Cookies bleiben zwei Tage lang gespeichert, Cookies f\u00fcr die Bildschirmeinstellungen ein Jahr lang. Wenn Sie \u201eAngemeldet bleiben\u201c ausw\u00e4hlen, bleibt Ihre Anmeldung zwei Wochen lang bestehen. Wenn Sie sich von Ihrem Konto abmelden, werden die Anmelde-Cookies gel\u00f6scht.<\/p>\n\n\n\n<p>Wenn Sie einen Artikel bearbeiten oder ver\u00f6ffentlichen, wird ein zus\u00e4tzliches Cookie in Ihrem Browser gespeichert. Dieses Cookie enth\u00e4lt keine personenbezogenen Daten und gibt lediglich die Beitrags-ID des Artikels an, den Sie gerade bearbeitet haben. Es l\u00e4uft nach einem Tag ab.<\/p>\n\n\n\n<h4 class=\"wp-block-heading\">Eingebettete Inhalte von anderen Websites<\/h4>\n\n\n\n<p><strong class=\"privacy-policy-tutorial\">Vorschlag f\u00fcr den Text: <\/strong>Artikel auf dieser Website k\u00f6nnen eingebettete Inhalte enthalten (z. B. Videos, Bilder, Artikel usw.). Eingebettete Inhalte von anderen Websites verhalten sich genauso, als h\u00e4tte der Besucher die jeweilige Website direkt aufgerufen.<\/p>\n\n\n\n<p>Diese Websites k\u00f6nnen Daten \u00fcber Sie erfassen, Cookies verwenden, zus\u00e4tzliche Tracking-Funktionen von Drittanbietern einbinden und Ihre Interaktion mit diesen eingebetteten Inhalten \u00fcberwachen, einschlie\u00dflich der Nachverfolgung Ihrer Interaktion mit den eingebetteten Inhalten, wenn Sie \u00fcber ein Konto verf\u00fcgen und auf dieser Website angemeldet sind.<\/p>\n\n\n\n<h4 class=\"wp-block-heading\">An wen wir Ihre Daten weitergeben<\/h4>\n\n\n\n<p><strong class=\"privacy-policy-tutorial\">Vorschlag f\u00fcr den Text: <\/strong>Wenn Sie eine Passwortzur\u00fccksetzung beantragen, wird Ihre IP-Adresse in der E-Mail zur Passwortzur\u00fccksetzung angegeben.<\/p>\n\n\n\n<h4 class=\"wp-block-heading\">Wie lange wir Ihre Daten speichern<\/h4>\n\n\n\n<p><strong class=\"privacy-policy-tutorial\">Vorschlag f\u00fcr den Text: <\/strong>Wenn Sie einen Kommentar hinterlassen, werden dieser und seine Metadaten auf unbestimmte Zeit gespeichert. Auf diese Weise k\u00f6nnen wir Folgekommentare automatisch erkennen und freigeben, anstatt sie in einer Moderationswarteschlange zu halten.<\/p>\n\n\n\n<p>F\u00fcr Nutzer, die sich auf unserer Website registrieren (sofern vorhanden), speichern wir zudem die personenbezogenen Daten, die sie in ihrem Nutzerprofil angeben. Alle Nutzer k\u00f6nnen ihre personenbezogenen Daten jederzeit einsehen, bearbeiten oder l\u00f6schen (mit Ausnahme ihres Benutzernamens, den sie nicht \u00e4ndern k\u00f6nnen). Auch die Website-Administratoren k\u00f6nnen diese Daten einsehen und bearbeiten.<\/p>\n\n\n\n<h4 class=\"wp-block-heading\">Welche Rechte haben Sie in Bezug auf Ihre Daten?<\/h4>\n\n\n\n<p><strong class=\"privacy-policy-tutorial\">Vorschlag f\u00fcr den Text: <\/strong>Wenn Sie ein Konto auf dieser Website haben oder Kommentare hinterlassen haben, k\u00f6nnen Sie eine exportierte Datei mit den personenbezogenen Daten anfordern, die wir \u00fcber Sie gespeichert haben, einschlie\u00dflich aller Daten, die Sie uns zur Verf\u00fcgung gestellt haben. Sie k\u00f6nnen au\u00dferdem verlangen, dass wir alle personenbezogenen Daten l\u00f6schen, die wir \u00fcber Sie gespeichert haben. Davon ausgenommen sind Daten, zu deren Aufbewahrung wir aus administrativen, rechtlichen oder Sicherheitsgr\u00fcnden verpflichtet sind.<\/p>\n\n\n\n<h4 class=\"wp-block-heading\">Wohin Ihre Daten \u00fcbermittelt werden<\/h4>\n\n\n\n<p><strong class=\"privacy-policy-tutorial\">Vorschlag f\u00fcr den Text: <\/strong>Kommentare von Besuchern werden m\u00f6glicherweise durch einen automatisierten Spam-Erkennungsdienst \u00fcberpr\u00fcft.<\/p>\n<\/div><\/div>\n\n<\/div><\/div>","protected":false},"excerpt":{"rendered":"Allgemeine Gesch\u00e4ftsbedingungen Wer wir sind Vorschlag f\u00fcr den Text: Unsere Website lautet: http:\/\/bootuitjes.nl. Kommentare Vorschlag f\u00fcr den Text: Wenn Besucher Kommentare auf der Website hinterlassen, erfassen wir die im Kommentarformular angezeigten Daten sowie die IP-Adresse des Besuchers und die User-Agent-Zeichenfolge des Browsers, um Spam zu erkennen. Eine aus Ihrer E-Mail-Adresse erstellte anonymisierte Zeichenfolge (auch als&#8230;","protected":false},"author":2,"featured_media":0,"parent":0,"menu_order":0,"comment_status":"closed","ping_status":"closed","template":"","meta":{"_acf_changed":false,"inline_featured_image":false,"_kad_blocks_custom_css":"","_kad_blocks_head_custom_js":"","_kad_blocks_body_custom_js":"","_kad_blocks_footer_custom_js":"","_kad_post_transparent":"","_kad_post_title":"","_kad_post_layout":"","_kad_post_sidebar_id":"","_kad_post_content_style":"","_kad_post_vertical_padding":"","_kad_post_feature":"","_kad_post_feature_position":"","_kad_post_header":false,"_kad_post_footer":false,"_kad_post_classname":"","footnotes":""},"class_list":["post-8489","page","type-page","status-publish","hentry"],"acf":[],"taxonomy_info":[],"featured_image_src_large":false,"author_info":{"display_name":"David Van Brakel","author_link":"https:\/\/bootuitjes.nl\/de\/author\/dvanbrakel\/"},"comment_info":0,"_links":{"self":[{"href":"https:\/\/bootuitjes.nl\/de\/wp-json\/wp\/v2\/pages\/8489","targetHints":{"allow":["GET"]}}],"collection":[{"href":"https:\/\/bootuitjes.nl\/de\/wp-json\/wp\/v2\/pages"}],"about":[{"href":"https:\/\/bootuitjes.nl\/de\/wp-json\/wp\/v2\/types\/page"}],"author":[{"embeddable":true,"href":"https:\/\/bootuitjes.nl\/de\/wp-json\/wp\/v2\/users\/2"}],"replies":[{"embeddable":true,"href":"https:\/\/bootuitjes.nl\/de\/wp-json\/wp\/v2\/comments?post=8489"}],"version-history":[{"count":1,"href":"https:\/\/bootuitjes.nl\/de\/wp-json\/wp\/v2\/pages\/8489\/revisions"}],"predecessor-version":[{"id":9424,"href":"https:\/\/bootuitjes.nl\/de\/wp-json\/wp\/v2\/pages\/8489\/revisions\/9424"}],"wp:attachment":[{"href":"https:\/\/bootuitjes.nl\/de\/wp-json\/wp\/v2\/media?parent=8489"}],"curies":[{"name":"wp","href":"https:\/\/api.w.org\/{rel}","templated":true}]}}